{"id":442,"date":"2021-08-31T13:32:33","date_gmt":"2021-08-31T11:32:33","guid":{"rendered":"https:\/\/vondra.softmedia.cz\/obycejna-stranka"},"modified":"2021-08-31T13:32:33","modified_gmt":"2021-08-31T11:32:33","slug":"obycejna-stranka","status":"publish","type":"page","link":"https:\/\/vondra-automation.cz\/en\/obycejna-stranka","title":{"rendered":"Oby\u010dejn\u00e1 str\u00e1nka"},"content":{"rendered":"\n<p class=\"has-medium-font-size\">Lorem ipsum dolor sit amet, consectetur adipiscing elit, sed do eiusmod tempor incididunt ut labore et dolore magna aliqua. Magna eget est lorem ipsum dolor sit. Ut porttitor leo a diam. Sagittis id <strong>consectetur purus ut. Nulla facilisi morbi t<\/strong>empus iaculis urna id volutpat. Nisl nisi scelerisque eu ultrices. Mi proin sed libero enim sed<\/p>\n\n\n\n<p>At elementum eu facilisis sed odio morbi quis. Scelerisque in dictum non consectetur a. Nam aliquam sem et tortor consequat id porta nibh. Vestibulum mattis ullamcorper velit sed ullamcorper morbi tincidunt ornare massa. Semper feugiat nibh sed pulvinar proin gravida hendrerit. Tortor dignissim convallis aenean et tortor at risus viverra adipiscing. Amet nulla facilisi morbi tempus. Massa placerat duis ultricies lacus sed. Enim blandit volutpat maecenas volutpat blandit. Posuere morbi leo urna molestie at elementum eu facilisis sed. Urna nec tincidunt praesent semper feugiat nibh. Cursus mattis molestie a iaculis at erat pellentesque adipiscing. Sit amet cursus sit amet dictum sit amet. Leo vel orci porta non pulvinar neque. Lorem ipsum dolor sit amet consectetur adipiscing elit ut.<\/p>\n\n\n\n<div class=\"wp-block-columns is-layout-flex wp-container-core-columns-layout-1 wp-block-columns-is-layout-flex\">\n<div class=\"wp-block-column is-layout-flow wp-block-column-is-layout-flow\">\n<h2 class=\"wp-block-heading\">At elementum eu facilisis sed odio morbi quis. Scelerisque in dictum non consectetur a. <\/h2>\n<\/div>\n\n\n\n<div class=\"wp-block-column is-layout-flow wp-block-column-is-layout-flow\">\n<p>At elementum eu facilisis sed odio morbi quis. Scelerisque in dictum non consectetur a. Nam aliquam sem et tortor consequat id porta nibh. Vestibulum mattis ullamcorper velit sed ullamcorper morbi tincidunt ornare massa. Semper feugiat nibh sed pulvinar proin gravida hendrerit. Tortor dignissim convallis aenean et tortor at risus viverra adipiscing. <\/p>\n\n\n\n<p>Amet nulla facilisi morbi tempus. Massa placerat duis ultricies lacus sed. Enim blandit volutpat maecenas volutpat blandit. Posuere morbi leo urna molestie at elementum eu facilisis sed. <\/p>\n\n\n\n<p><\/p>\n<\/div>\n<\/div>\n\n\n\n<h2 class=\"has-text-align-center wp-block-heading\">Nadpis fotogaleri<\/h2>\n\n\n\n<figure class=\"wp-block-gallery columns-3 is-cropped wp-block-gallery-1 is-layout-flex wp-block-gallery-is-layout-flex\"><ul class=\"blocks-gallery-grid\"><li class=\"blocks-gallery-item\"><figure><img decoding=\"async\" src=\"https:\/\/vondra-automation.cz\/wp-content\/uploads\/2021\/08\/rinson-cehory-2vpggou-wla-unsplash-768x1024.jpg\" alt=\"\" data-id=\"46\" data-full-url=\"https:\/\/vondra-automation.cz\/wp-content\/uploads\/2021\/08\/rinson-cehory-2vpggou-wla-unsplash-scaled.jpg\" data-link=\"https:\/\/vondra-automation.cz\/obycejna-stranka\/rinson-cehory-2vpggou-wla-unsplash\" class=\"wp-image-46\"\/><\/figure><\/li><li class=\"blocks-gallery-item\"><figure><img decoding=\"async\" src=\"https:\/\/vondra-automation.cz\/wp-content\/uploads\/2021\/08\/rinson-chory-2vpggou-wla-unsplaash-768x1024.jpg\" alt=\"\" data-id=\"47\" data-full-url=\"https:\/\/vondra-automation.cz\/wp-content\/uploads\/2021\/08\/rinson-chory-2vpggou-wla-unsplaash-scaled.jpg\" data-link=\"https:\/\/vondra-automation.cz\/obycejna-stranka\/rinson-chory-2vpggou-wla-unsplaash\" class=\"wp-image-47\"\/><\/figure><\/li><li class=\"blocks-gallery-item\"><figure><img decoding=\"async\" src=\"https:\/\/vondra-automation.cz\/wp-content\/uploads\/2021\/08\/vlcsnap-2021-04-22-15h38m25s103-1024x576.png\" alt=\"\" data-id=\"48\" data-full-url=\"https:\/\/vondra-automation.cz\/wp-content\/uploads\/2021\/08\/vlcsnap-2021-04-22-15h38m25s103.png\" data-link=\"https:\/\/vondra-automation.cz\/obycejna-stranka\/vlcsnap-2021-04-22-15h38m25s103\" class=\"wp-image-48\"\/><\/figure><\/li><\/ul><\/figure>\n\n\n\n<blockquote class=\"wp-block-quote\"><p>Urna nec tincidunt praesent semper feugiat nibh. Cursus mattis molestie a iaculis at erat pellentesque adipiscing. Sit amet cursus sit amet dictum sit amet. Leo vel orci porta non pulvinar neque. Lorem ipsum dolor sit amet consectetur adipiscing elit ut.<\/p><\/blockquote>\n\n\n\n<h3 class=\"wp-block-heading\">At elementum eu facilisis sed odio morbi quis. <br>Scelerisque in dictum non consectetur a.  <\/h3>\n\n\n\n<ul><li>Urna nec tincidunt praesent semper <\/li><li>feugiat nibh. Cursus mattis molestie a <\/li><li>iaculis at erat pellentesque <\/li><li>adipiscing. Sit amet cursus sit a<\/li><li>met dictum sit amet. Leo vel <\/li><li>orci porta non pulvinar <\/li><li>neque. Lorem ipsum dolor sit amet consectetur adipiscing elit ut.<\/li><\/ul>\n\n\n\n<figure class=\"wp-block-image size-large\"><img decoding=\"async\" src=\"https:\/\/vondra-automation.cz\/wp-content\/uploads\/2021\/08\/vlcsnap-2021-04-22-15h38m25s103-1-1024x576.png\" alt=\"\" class=\"wp-image-49\"\/><\/figure>\n","protected":false},"excerpt":{"rendered":"<p>Lorem ipsum dolor sit amet, consectetur adipiscing elit, sed do eiusmod tempor incididunt ut labore et dolore magna aliqua. Magna eget est lorem ipsum dolor sit. Ut porttitor leo a diam. Sagittis id consectetur purus ut. Nulla facilisi morbi tempus iaculis urna id volutpat. Nisl nisi scelerisque eu ultrices. Mi proin sed libero enim sed [&hellip;]<\/p>\n","protected":false},"author":1,"featured_media":0,"parent":0,"menu_order":0,"comment_status":"closed","ping_status":"closed","template":"","meta":{"footnotes":""},"acf":[],"_links":{"self":[{"href":"https:\/\/vondra-automation.cz\/en\/wp-json\/wp\/v2\/pages\/442"}],"collection":[{"href":"https:\/\/vondra-automation.cz\/en\/wp-json\/wp\/v2\/pages"}],"about":[{"href":"https:\/\/vondra-automation.cz\/en\/wp-json\/wp\/v2\/types\/page"}],"author":[{"embeddable":true,"href":"https:\/\/vondra-automation.cz\/en\/wp-json\/wp\/v2\/users\/1"}],"replies":[{"embeddable":true,"href":"https:\/\/vondra-automation.cz\/en\/wp-json\/wp\/v2\/comments?post=442"}],"version-history":[{"count":0,"href":"https:\/\/vondra-automation.cz\/en\/wp-json\/wp\/v2\/pages\/442\/revisions"}],"wp:attachment":[{"href":"https:\/\/vondra-automation.cz\/en\/wp-json\/wp\/v2\/media?parent=442"}],"curies":[{"name":"wp","href":"https:\/\/api.w.org\/{rel}","templated":true}]}}